{"id":256,"date":"2016-12-30T01:09:22","date_gmt":"2016-12-29T23:09:22","guid":{"rendered":"https:\/\/fliegendehomberger.wordpress.com\/?page_id=247"},"modified":"2018-01-24T11:23:11","modified_gmt":"2018-01-24T10:23:11","slug":"floy","status":"publish","type":"page","link":"https:\/\/fliegende-homberger.de\/index.php\/shows\/floy\/","title":{"rendered":"Floy"},"content":{"rendered":"<h3>Fl\u00f8y &#8211; Wenn Tr\u00e4ume Fliegen Lernen<\/h3>\n<p>&#8222;<em>Fliegen &#8211; k\u00f6nnen das nur V\u00f6gel? Sanft hinauf schweben oder einen Salto drehen, hoch und frei in den L\u00fcften. Dort oben, wo die Sonne kunterbunte Bilder in die Wolken malt. Von dort oben, kopf\u00fcber die Welt betrachten. Unm\u00f6glich? Schlie\u00dfe deine Augen, befl\u00fcgle deine Phantasie und gleite davon &#8211; dann lernen deine Tr\u00e4ume fliegen!<\/em>&#8220;<\/p>\n<div class=\"jetpack-video-wrapper\"><span class=\"embed-youtube\" style=\"text-align:center; display: block;\"><iframe loading=\"lazy\" class=\"youtube-player\" width=\"820\" height=\"462\" src=\"https:\/\/www.youtube.com\/embed\/zb6rupR2LZU?version=3&#038;rel=1&#038;showsearch=0&#038;showinfo=1&#038;iv_load_policy=1&#038;fs=1&#038;hl=de-DE&#038;autohide=2&#038;wmode=transparent\" allowfullscreen=\"true\" style=\"border:0;\" sandbox=\"allow-scripts allow-same-origin allow-popups allow-presentation\"><\/iframe><\/span><\/div>\n<h4>Allgemeine Informationen<\/h4>\n<ul>\n<li>Dauer: 5 Minuten<\/li>\n<li>Teilnehmer: 30 &#8211; 40<\/li>\n<li>B\u00fchne: Bodenfl\u00e4che min. 12m x 12m, H\u00f6he &gt;5m<\/li>\n<li>Ger\u00e4te: Bodenl\u00e4ufer<\/li>\n<li>Eigene Ger\u00e4te: T\u00fccher<\/li>\n<li>Aufbauaufwand: Bodenfl\u00e4che<\/li>\n<\/ul>\n","protected":false},"excerpt":{"rendered":"<p>Fl\u00f8y &#8211; Wenn Tr\u00e4ume Fliegen Lernen &#8222;Fliegen &#8211; k\u00f6nnen das nur V\u00f6gel? Sanft hinauf schweben oder einen Salto drehen, hoch und frei in den L\u00fcften. Dort oben, wo die Sonne kunterbunte Bilder in die Wolken malt. Von dort oben, kopf\u00fcber die Welt betrachten. Unm\u00f6glich? Schlie\u00dfe deine Augen, befl\u00fcgle deine Phantasie und gleite davon &#8211; dann [&hellip;]<\/p>\n","protected":false},"author":1,"featured_media":452,"parent":16,"menu_order":0,"comment_status":"closed","ping_status":"closed","template":"","meta":{"spay_email":""},"yoast_head":"<!-- This site is optimized with the Yoast SEO plugin v17.9 - https:\/\/yoast.com\/wordpress\/plugins\/seo\/ -->\n<title>Floy - Fliegende Homberger - Showakrobatik<\/title>\n<meta name=\"robots\" content=\"index, follow, max-snippet:-1, max-image-preview:large, max-video-preview:-1\" \/>\n<link rel=\"canonical\" href=\"https:\/\/fliegende-homberger.de\/index.php\/shows\/floy\/\" \/>\n<meta property=\"og:locale\" content=\"de_DE\" \/>\n<meta property=\"og:type\" content=\"article\" \/>\n<meta property=\"og:title\" content=\"Floy - Fliegende Homberger - Showakrobatik\" \/>\n<meta property=\"og:description\" content=\"Fl\u00f8y &#8211; Wenn Tr\u00e4ume Fliegen Lernen &#8222;Fliegen &#8211; k\u00f6nnen das nur V\u00f6gel? Sanft hinauf schweben oder einen Salto drehen, hoch und frei in den L\u00fcften. Dort oben, wo die Sonne kunterbunte Bilder in die Wolken malt. Von dort oben, kopf\u00fcber die Welt betrachten. Unm\u00f6glich? Schlie\u00dfe deine Augen, befl\u00fcgle deine Phantasie und gleite davon &#8211; dann [&hellip;]\" \/>\n<meta property=\"og:url\" content=\"https:\/\/fliegende-homberger.de\/index.php\/shows\/floy\/\" \/>\n<meta property=\"og:site_name\" content=\"Fliegende Homberger - Showakrobatik\" \/>\n<meta property=\"article:publisher\" content=\"https:\/\/www.facebook.com\/FliegendeHomberger\/\" \/>\n<meta property=\"article:modified_time\" content=\"2018-01-24T10:23:11+00:00\" \/>\n<meta property=\"og:image\" content=\"https:\/\/fliegende-homberger.de\/wp-content\/uploads\/20110611-205721_DSC_9453.jpg\" \/>\n\t<meta property=\"og:image:width\" content=\"1024\" \/>\n\t<meta property=\"og:image:height\" content=\"678\" \/>\n\t<meta property=\"og:image:type\" content=\"image\/jpeg\" \/>\n<meta name=\"twitter:card\" content=\"summary\" \/>\n<meta name=\"twitter:label1\" content=\"Gesch\u00e4tzte Lesezeit\" \/>\n\t<meta name=\"twitter:data1\" content=\"1\u00a0Minute\" \/>\n<script type=\"application\/ld+json\" class=\"yoast-schema-graph\">{\"@context\":\"https:\/\/schema.org\",\"@graph\":[{\"@type\":\"Organization\",\"@id\":\"https:\/\/fliegende-homberger.de\/#organization\",\"name\":\"Fliegende Homberger\",\"url\":\"https:\/\/fliegende-homberger.de\/\",\"sameAs\":[\"https:\/\/www.facebook.com\/FliegendeHomberger\/\",\"https:\/\/www.instagram.com\/fliegendehomberger\/\",\"https:\/\/www.youtube.com\/user\/Buntaries\"],\"logo\":{\"@type\":\"ImageObject\",\"@id\":\"https:\/\/fliegende-homberger.de\/#logo\",\"inLanguage\":\"de\",\"url\":\"https:\/\/fliegende-homberger.de\/wp-content\/uploads\/cropped-12491847_1097494986951888_8353707070040920779_o.jpg\",\"contentUrl\":\"https:\/\/fliegende-homberger.de\/wp-content\/uploads\/cropped-12491847_1097494986951888_8353707070040920779_o.jpg\",\"width\":512,\"height\":512,\"caption\":\"Fliegende Homberger\"},\"image\":{\"@id\":\"https:\/\/fliegende-homberger.de\/#logo\"}},{\"@type\":\"WebSite\",\"@id\":\"https:\/\/fliegende-homberger.de\/#website\",\"url\":\"https:\/\/fliegende-homberger.de\/\",\"name\":\"Fliegende Homberger - Showakrobatik\",\"description\":\"\",\"publisher\":{\"@id\":\"https:\/\/fliegende-homberger.de\/#organization\"},\"potentialAction\":[{\"@type\":\"SearchAction\",\"target\":{\"@type\":\"EntryPoint\",\"urlTemplate\":\"https:\/\/fliegende-homberger.de\/?s={search_term_string}\"},\"query-input\":\"required name=search_term_string\"}],\"inLanguage\":\"de\"},{\"@type\":\"ImageObject\",\"@id\":\"https:\/\/fliegende-homberger.de\/index.php\/shows\/floy\/#primaryimage\",\"inLanguage\":\"de\",\"url\":\"https:\/\/fliegende-homberger.de\/wp-content\/uploads\/20110611-205721_DSC_9453.jpg\",\"contentUrl\":\"https:\/\/fliegende-homberger.de\/wp-content\/uploads\/20110611-205721_DSC_9453.jpg\",\"width\":1024,\"height\":678,\"caption\":\"DFH Floy\"},{\"@type\":\"WebPage\",\"@id\":\"https:\/\/fliegende-homberger.de\/index.php\/shows\/floy\/#webpage\",\"url\":\"https:\/\/fliegende-homberger.de\/index.php\/shows\/floy\/\",\"name\":\"Floy - Fliegende Homberger - Showakrobatik\",\"isPartOf\":{\"@id\":\"https:\/\/fliegende-homberger.de\/#website\"},\"primaryImageOfPage\":{\"@id\":\"https:\/\/fliegende-homberger.de\/index.php\/shows\/floy\/#primaryimage\"},\"datePublished\":\"2016-12-29T23:09:22+00:00\",\"dateModified\":\"2018-01-24T10:23:11+00:00\",\"breadcrumb\":{\"@id\":\"https:\/\/fliegende-homberger.de\/index.php\/shows\/floy\/#breadcrumb\"},\"inLanguage\":\"de\",\"potentialAction\":[{\"@type\":\"ReadAction\",\"target\":[\"https:\/\/fliegende-homberger.de\/index.php\/shows\/floy\/\"]}]},{\"@type\":\"BreadcrumbList\",\"@id\":\"https:\/\/fliegende-homberger.de\/index.php\/shows\/floy\/#breadcrumb\",\"itemListElement\":[{\"@type\":\"ListItem\",\"position\":1,\"name\":\"Startseite\",\"item\":\"https:\/\/fliegende-homberger.de\/\"},{\"@type\":\"ListItem\",\"position\":2,\"name\":\"Shows\",\"item\":\"https:\/\/fliegende-homberger.de\/index.php\/shows\/\"},{\"@type\":\"ListItem\",\"position\":3,\"name\":\"Floy\"}]}]}<\/script>\n<!-- \/ Yoast SEO plugin. -->","yoast_head_json":{"title":"Floy - Fliegende Homberger - Showakrobatik","robots":{"index":"index","follow":"follow","max-snippet":"max-snippet:-1","max-image-preview":"max-image-preview:large","max-video-preview":"max-video-preview:-1"},"canonical":"https:\/\/fliegende-homberger.de\/index.php\/shows\/floy\/","og_locale":"de_DE","og_type":"article","og_title":"Floy - Fliegende Homberger - Showakrobatik","og_description":"Fl\u00f8y &#8211; Wenn Tr\u00e4ume Fliegen Lernen &#8222;Fliegen &#8211; k\u00f6nnen das nur V\u00f6gel? Sanft hinauf schweben oder einen Salto drehen, hoch und frei in den L\u00fcften. Dort oben, wo die Sonne kunterbunte Bilder in die Wolken malt. Von dort oben, kopf\u00fcber die Welt betrachten. Unm\u00f6glich? Schlie\u00dfe deine Augen, befl\u00fcgle deine Phantasie und gleite davon &#8211; dann [&hellip;]","og_url":"https:\/\/fliegende-homberger.de\/index.php\/shows\/floy\/","og_site_name":"Fliegende Homberger - Showakrobatik","article_publisher":"https:\/\/www.facebook.com\/FliegendeHomberger\/","article_modified_time":"2018-01-24T10:23:11+00:00","og_image":[{"width":1024,"height":678,"url":"https:\/\/fliegende-homberger.de\/wp-content\/uploads\/20110611-205721_DSC_9453.jpg","type":"image\/jpeg"}],"twitter_card":"summary","twitter_misc":{"Gesch\u00e4tzte Lesezeit":"1\u00a0Minute"},"schema":{"@context":"https:\/\/schema.org","@graph":[{"@type":"Organization","@id":"https:\/\/fliegende-homberger.de\/#organization","name":"Fliegende Homberger","url":"https:\/\/fliegende-homberger.de\/","sameAs":["https:\/\/www.facebook.com\/FliegendeHomberger\/","https:\/\/www.instagram.com\/fliegendehomberger\/","https:\/\/www.youtube.com\/user\/Buntaries"],"logo":{"@type":"ImageObject","@id":"https:\/\/fliegende-homberger.de\/#logo","inLanguage":"de","url":"https:\/\/fliegende-homberger.de\/wp-content\/uploads\/cropped-12491847_1097494986951888_8353707070040920779_o.jpg","contentUrl":"https:\/\/fliegende-homberger.de\/wp-content\/uploads\/cropped-12491847_1097494986951888_8353707070040920779_o.jpg","width":512,"height":512,"caption":"Fliegende Homberger"},"image":{"@id":"https:\/\/fliegende-homberger.de\/#logo"}},{"@type":"WebSite","@id":"https:\/\/fliegende-homberger.de\/#website","url":"https:\/\/fliegende-homberger.de\/","name":"Fliegende Homberger - Showakrobatik","description":"","publisher":{"@id":"https:\/\/fliegende-homberger.de\/#organization"},"potentialAction":[{"@type":"SearchAction","target":{"@type":"EntryPoint","urlTemplate":"https:\/\/fliegende-homberger.de\/?s={search_term_string}"},"query-input":"required name=search_term_string"}],"inLanguage":"de"},{"@type":"ImageObject","@id":"https:\/\/fliegende-homberger.de\/index.php\/shows\/floy\/#primaryimage","inLanguage":"de","url":"https:\/\/fliegende-homberger.de\/wp-content\/uploads\/20110611-205721_DSC_9453.jpg","contentUrl":"https:\/\/fliegende-homberger.de\/wp-content\/uploads\/20110611-205721_DSC_9453.jpg","width":1024,"height":678,"caption":"DFH Floy"},{"@type":"WebPage","@id":"https:\/\/fliegende-homberger.de\/index.php\/shows\/floy\/#webpage","url":"https:\/\/fliegende-homberger.de\/index.php\/shows\/floy\/","name":"Floy - Fliegende Homberger - Showakrobatik","isPartOf":{"@id":"https:\/\/fliegende-homberger.de\/#website"},"primaryImageOfPage":{"@id":"https:\/\/fliegende-homberger.de\/index.php\/shows\/floy\/#primaryimage"},"datePublished":"2016-12-29T23:09:22+00:00","dateModified":"2018-01-24T10:23:11+00:00","breadcrumb":{"@id":"https:\/\/fliegende-homberger.de\/index.php\/shows\/floy\/#breadcrumb"},"inLanguage":"de","potentialAction":[{"@type":"ReadAction","target":["https:\/\/fliegende-homberger.de\/index.php\/shows\/floy\/"]}]},{"@type":"BreadcrumbList","@id":"https:\/\/fliegende-homberger.de\/index.php\/shows\/floy\/#breadcrumb","itemListElement":[{"@type":"ListItem","position":1,"name":"Startseite","item":"https:\/\/fliegende-homberger.de\/"},{"@type":"ListItem","position":2,"name":"Shows","item":"https:\/\/fliegende-homberger.de\/index.php\/shows\/"},{"@type":"ListItem","position":3,"name":"Floy"}]}]}},"jetpack_sharing_enabled":true,"jetpack_shortlink":"https:\/\/wp.me\/P8mcYR-48","_links":{"self":[{"href":"https:\/\/fliegende-homberger.de\/index.php\/wp-json\/wp\/v2\/pages\/256"}],"collection":[{"href":"https:\/\/fliegende-homberger.de\/index.php\/wp-json\/wp\/v2\/pages"}],"about":[{"href":"https:\/\/fliegende-homberger.de\/index.php\/wp-json\/wp\/v2\/types\/page"}],"author":[{"embeddable":true,"href":"https:\/\/fliegende-homberger.de\/index.php\/wp-json\/wp\/v2\/users\/1"}],"replies":[{"embeddable":true,"href":"https:\/\/fliegende-homberger.de\/index.php\/wp-json\/wp\/v2\/comments?post=256"}],"version-history":[{"count":6,"href":"https:\/\/fliegende-homberger.de\/index.php\/wp-json\/wp\/v2\/pages\/256\/revisions"}],"predecessor-version":[{"id":1083,"href":"https:\/\/fliegende-homberger.de\/index.php\/wp-json\/wp\/v2\/pages\/256\/revisions\/1083"}],"up":[{"embeddable":true,"href":"https:\/\/fliegende-homberger.de\/index.php\/wp-json\/wp\/v2\/pages\/16"}],"wp:featuredmedia":[{"embeddable":true,"href":"https:\/\/fliegende-homberger.de\/index.php\/wp-json\/wp\/v2\/media\/452"}],"wp:attachment":[{"href":"https:\/\/fliegende-homberger.de\/index.php\/wp-json\/wp\/v2\/media?parent=256"}],"curies":[{"name":"wp","href":"https:\/\/api.w.org\/{rel}","templated":true}]}}