{"id":22,"date":"2016-12-27T20:19:08","date_gmt":"2016-12-27T18:19:08","guid":{"rendered":"https:\/\/fliegendehomberger.wordpress.com\/trainerteam\/"},"modified":"2024-01-12T21:34:25","modified_gmt":"2024-01-12T20:34:25","slug":"trainerteam","status":"publish","type":"page","link":"https:\/\/fliegende-homberger.de\/index.php\/die-fliegenden-homberger\/trainerteam\/","title":{"rendered":"Trainerteam"},"content":{"rendered":"<h4>Stephanie Dortelmann<\/h4>\n<ul>\n<li>Management (Koordination aller Gruppen und Events)<\/li>\n<li>DTB-Choreographin<\/li>\n<li>Kunstturntrainer C<\/li>\n<li><em>Minihops, Variet\u00e9, (Shwokader)<\/em><\/li>\n<\/ul>\n<h4>Ronja Dortelmann<\/h4>\n<ul>\n<li>DTB Choreographin<\/li>\n<li>Kunstturntrainer C<\/li>\n<li><em>Showkader<\/em><\/li>\n<\/ul>\n<h4>Christian Seising<\/h4>\n<ul>\n<li>\u00dcbungsleiter Trainer C<em><br \/>\n<\/em><\/li>\n<li><em>TeamGym<\/em><\/li>\n<\/ul>\n<h4>Lydia Brosamer<\/h4>\n<ul>\n<li>\u00dcbungsleiter Trainer C<em><br \/>\n<\/em><\/li>\n<li><em>Himmelsst\u00fcrmer, Twinkle Stars, TeamGym<\/em><\/li>\n<\/ul>\n<h4>Isabel R\u00f6\u00f6s<\/h4>\n<ul>\n<li>\u00dcbungsleiter Trainer C<\/li>\n<li><em>Twinkle Stars<\/em><\/li>\n<\/ul>\n<h4>Annalena Keser<\/h4>\n<ul>\n<li><em>Tuju-Showgruppe<\/em><\/li>\n<\/ul>\n<p><strong>Michel Giesbert:<\/strong><\/p>\n<ul>\n<li><em>Nachwuchsgruppen<\/em><\/li>\n<\/ul>\n<h4>Lena Kellermann<\/h4>\n<ul>\n<li>Sporthelfer<\/li>\n<li><em>Jumping Jacks<\/em><\/li>\n<\/ul>\n<h4>Carolina H\u00fcsken<\/h4>\n<ul>\n<li>Sporthelfer<\/li>\n<li><i>Tuju Showgruppe<\/i><\/li>\n<\/ul>\n<h4>Jule Rauer<\/h4>\n<ul>\n<li>Sporthelfer<\/li>\n<li><em>Twinkle Stars<\/em><\/li>\n<\/ul>\n","protected":false},"excerpt":{"rendered":"<p>Stephanie Dortelmann Management (Koordination aller Gruppen und Events) DTB-Choreographin Kunstturntrainer C Minihops, Variet\u00e9, (Shwokader) Ronja Dortelmann DTB Choreographin Kunstturntrainer C Showkader Christian Seising \u00dcbungsleiter Trainer C TeamGym Lydia Brosamer \u00dcbungsleiter Trainer C Himmelsst\u00fcrmer, Twinkle Stars, TeamGym Isabel R\u00f6\u00f6s \u00dcbungsleiter Trainer C Twinkle Stars Annalena Keser Tuju-Showgruppe Michel Giesbert: Nachwuchsgruppen Lena Kellermann Sporthelfer Jumping Jacks Carolina [&hellip;]<\/p>\n","protected":false},"author":1,"featured_media":2014,"parent":61,"menu_order":0,"comment_status":"closed","ping_status":"closed","template":"","meta":{"spay_email":""},"yoast_head":"<!-- This site is optimized with the Yoast SEO plugin v17.9 - https:\/\/yoast.com\/wordpress\/plugins\/seo\/ -->\n<title>Trainerteam - Fliegende Homberger - Showakrobatik<\/title>\n<meta name=\"robots\" content=\"index, follow, max-snippet:-1, max-image-preview:large, max-video-preview:-1\" \/>\n<link rel=\"canonical\" href=\"https:\/\/fliegende-homberger.de\/index.php\/die-fliegenden-homberger\/trainerteam\/\" \/>\n<meta property=\"og:locale\" content=\"de_DE\" \/>\n<meta property=\"og:type\" content=\"article\" \/>\n<meta property=\"og:title\" content=\"Trainerteam - Fliegende Homberger - Showakrobatik\" \/>\n<meta property=\"og:description\" content=\"Stephanie Dortelmann Management (Koordination aller Gruppen und Events) DTB-Choreographin Kunstturntrainer C Minihops, Variet\u00e9, (Shwokader) Ronja Dortelmann DTB Choreographin Kunstturntrainer C Showkader Christian Seising \u00dcbungsleiter Trainer C TeamGym Lydia Brosamer \u00dcbungsleiter Trainer C Himmelsst\u00fcrmer, Twinkle Stars, TeamGym Isabel R\u00f6\u00f6s \u00dcbungsleiter Trainer C Twinkle Stars Annalena Keser Tuju-Showgruppe Michel Giesbert: Nachwuchsgruppen Lena Kellermann Sporthelfer Jumping Jacks Carolina [&hellip;]\" \/>\n<meta property=\"og:url\" content=\"https:\/\/fliegende-homberger.de\/index.php\/die-fliegenden-homberger\/trainerteam\/\" \/>\n<meta property=\"og:site_name\" content=\"Fliegende Homberger - Showakrobatik\" \/>\n<meta property=\"article:publisher\" content=\"https:\/\/www.facebook.com\/FliegendeHomberger\/\" \/>\n<meta property=\"article:modified_time\" content=\"2024-01-12T20:34:25+00:00\" \/>\n<meta property=\"og:image\" content=\"https:\/\/fliegende-homberger.de\/wp-content\/uploads\/2024\/01\/154-P1058410.jpg\" \/>\n\t<meta property=\"og:image:width\" content=\"2048\" \/>\n\t<meta property=\"og:image:height\" content=\"1365\" \/>\n\t<meta property=\"og:image:type\" content=\"image\/jpeg\" \/>\n<meta name=\"twitter:card\" content=\"summary\" \/>\n<meta name=\"twitter:label1\" content=\"Gesch\u00e4tzte Lesezeit\" \/>\n\t<meta name=\"twitter:data1\" content=\"1\u00a0Minute\" \/>\n<script type=\"application\/ld+json\" class=\"yoast-schema-graph\">{\"@context\":\"https:\/\/schema.org\",\"@graph\":[{\"@type\":\"Organization\",\"@id\":\"https:\/\/fliegende-homberger.de\/#organization\",\"name\":\"Fliegende Homberger\",\"url\":\"https:\/\/fliegende-homberger.de\/\",\"sameAs\":[\"https:\/\/www.facebook.com\/FliegendeHomberger\/\",\"https:\/\/www.instagram.com\/fliegendehomberger\/\",\"https:\/\/www.youtube.com\/user\/Buntaries\"],\"logo\":{\"@type\":\"ImageObject\",\"@id\":\"https:\/\/fliegende-homberger.de\/#logo\",\"inLanguage\":\"de\",\"url\":\"https:\/\/fliegende-homberger.de\/wp-content\/uploads\/cropped-12491847_1097494986951888_8353707070040920779_o.jpg\",\"contentUrl\":\"https:\/\/fliegende-homberger.de\/wp-content\/uploads\/cropped-12491847_1097494986951888_8353707070040920779_o.jpg\",\"width\":512,\"height\":512,\"caption\":\"Fliegende Homberger\"},\"image\":{\"@id\":\"https:\/\/fliegende-homberger.de\/#logo\"}},{\"@type\":\"WebSite\",\"@id\":\"https:\/\/fliegende-homberger.de\/#website\",\"url\":\"https:\/\/fliegende-homberger.de\/\",\"name\":\"Fliegende Homberger - Showakrobatik\",\"description\":\"\",\"publisher\":{\"@id\":\"https:\/\/fliegende-homberger.de\/#organization\"},\"potentialAction\":[{\"@type\":\"SearchAction\",\"target\":{\"@type\":\"EntryPoint\",\"urlTemplate\":\"https:\/\/fliegende-homberger.de\/?s={search_term_string}\"},\"query-input\":\"required name=search_term_string\"}],\"inLanguage\":\"de\"},{\"@type\":\"ImageObject\",\"@id\":\"https:\/\/fliegende-homberger.de\/index.php\/die-fliegenden-homberger\/trainerteam\/#primaryimage\",\"inLanguage\":\"de\",\"url\":\"https:\/\/fliegende-homberger.de\/wp-content\/uploads\/2024\/01\/154-P1058410.jpg\",\"contentUrl\":\"https:\/\/fliegende-homberger.de\/wp-content\/uploads\/2024\/01\/154-P1058410.jpg\",\"width\":2048,\"height\":1365},{\"@type\":\"WebPage\",\"@id\":\"https:\/\/fliegende-homberger.de\/index.php\/die-fliegenden-homberger\/trainerteam\/#webpage\",\"url\":\"https:\/\/fliegende-homberger.de\/index.php\/die-fliegenden-homberger\/trainerteam\/\",\"name\":\"Trainerteam - Fliegende Homberger - Showakrobatik\",\"isPartOf\":{\"@id\":\"https:\/\/fliegende-homberger.de\/#website\"},\"primaryImageOfPage\":{\"@id\":\"https:\/\/fliegende-homberger.de\/index.php\/die-fliegenden-homberger\/trainerteam\/#primaryimage\"},\"datePublished\":\"2016-12-27T18:19:08+00:00\",\"dateModified\":\"2024-01-12T20:34:25+00:00\",\"breadcrumb\":{\"@id\":\"https:\/\/fliegende-homberger.de\/index.php\/die-fliegenden-homberger\/trainerteam\/#breadcrumb\"},\"inLanguage\":\"de\",\"potentialAction\":[{\"@type\":\"ReadAction\",\"target\":[\"https:\/\/fliegende-homberger.de\/index.php\/die-fliegenden-homberger\/trainerteam\/\"]}]},{\"@type\":\"BreadcrumbList\",\"@id\":\"https:\/\/fliegende-homberger.de\/index.php\/die-fliegenden-homberger\/trainerteam\/#breadcrumb\",\"itemListElement\":[{\"@type\":\"ListItem\",\"position\":1,\"name\":\"Startseite\",\"item\":\"https:\/\/fliegende-homberger.de\/\"},{\"@type\":\"ListItem\",\"position\":2,\"name\":\"Das sind wir\",\"item\":\"https:\/\/fliegende-homberger.de\/index.php\/die-fliegenden-homberger\/\"},{\"@type\":\"ListItem\",\"position\":3,\"name\":\"Trainerteam\"}]}]}<\/script>\n<!-- \/ Yoast SEO plugin. -->","yoast_head_json":{"title":"Trainerteam - Fliegende Homberger - Showakrobatik","robots":{"index":"index","follow":"follow","max-snippet":"max-snippet:-1","max-image-preview":"max-image-preview:large","max-video-preview":"max-video-preview:-1"},"canonical":"https:\/\/fliegende-homberger.de\/index.php\/die-fliegenden-homberger\/trainerteam\/","og_locale":"de_DE","og_type":"article","og_title":"Trainerteam - Fliegende Homberger - Showakrobatik","og_description":"Stephanie Dortelmann Management (Koordination aller Gruppen und Events) DTB-Choreographin Kunstturntrainer C Minihops, Variet\u00e9, (Shwokader) Ronja Dortelmann DTB Choreographin Kunstturntrainer C Showkader Christian Seising \u00dcbungsleiter Trainer C TeamGym Lydia Brosamer \u00dcbungsleiter Trainer C Himmelsst\u00fcrmer, Twinkle Stars, TeamGym Isabel R\u00f6\u00f6s \u00dcbungsleiter Trainer C Twinkle Stars Annalena Keser Tuju-Showgruppe Michel Giesbert: Nachwuchsgruppen Lena Kellermann Sporthelfer Jumping Jacks Carolina [&hellip;]","og_url":"https:\/\/fliegende-homberger.de\/index.php\/die-fliegenden-homberger\/trainerteam\/","og_site_name":"Fliegende Homberger - Showakrobatik","article_publisher":"https:\/\/www.facebook.com\/FliegendeHomberger\/","article_modified_time":"2024-01-12T20:34:25+00:00","og_image":[{"width":2048,"height":1365,"url":"https:\/\/fliegende-homberger.de\/wp-content\/uploads\/2024\/01\/154-P1058410.jpg","type":"image\/jpeg"}],"twitter_card":"summary","twitter_misc":{"Gesch\u00e4tzte Lesezeit":"1\u00a0Minute"},"schema":{"@context":"https:\/\/schema.org","@graph":[{"@type":"Organization","@id":"https:\/\/fliegende-homberger.de\/#organization","name":"Fliegende Homberger","url":"https:\/\/fliegende-homberger.de\/","sameAs":["https:\/\/www.facebook.com\/FliegendeHomberger\/","https:\/\/www.instagram.com\/fliegendehomberger\/","https:\/\/www.youtube.com\/user\/Buntaries"],"logo":{"@type":"ImageObject","@id":"https:\/\/fliegende-homberger.de\/#logo","inLanguage":"de","url":"https:\/\/fliegende-homberger.de\/wp-content\/uploads\/cropped-12491847_1097494986951888_8353707070040920779_o.jpg","contentUrl":"https:\/\/fliegende-homberger.de\/wp-content\/uploads\/cropped-12491847_1097494986951888_8353707070040920779_o.jpg","width":512,"height":512,"caption":"Fliegende Homberger"},"image":{"@id":"https:\/\/fliegende-homberger.de\/#logo"}},{"@type":"WebSite","@id":"https:\/\/fliegende-homberger.de\/#website","url":"https:\/\/fliegende-homberger.de\/","name":"Fliegende Homberger - Showakrobatik","description":"","publisher":{"@id":"https:\/\/fliegende-homberger.de\/#organization"},"potentialAction":[{"@type":"SearchAction","target":{"@type":"EntryPoint","urlTemplate":"https:\/\/fliegende-homberger.de\/?s={search_term_string}"},"query-input":"required name=search_term_string"}],"inLanguage":"de"},{"@type":"ImageObject","@id":"https:\/\/fliegende-homberger.de\/index.php\/die-fliegenden-homberger\/trainerteam\/#primaryimage","inLanguage":"de","url":"https:\/\/fliegende-homberger.de\/wp-content\/uploads\/2024\/01\/154-P1058410.jpg","contentUrl":"https:\/\/fliegende-homberger.de\/wp-content\/uploads\/2024\/01\/154-P1058410.jpg","width":2048,"height":1365},{"@type":"WebPage","@id":"https:\/\/fliegende-homberger.de\/index.php\/die-fliegenden-homberger\/trainerteam\/#webpage","url":"https:\/\/fliegende-homberger.de\/index.php\/die-fliegenden-homberger\/trainerteam\/","name":"Trainerteam - Fliegende Homberger - Showakrobatik","isPartOf":{"@id":"https:\/\/fliegende-homberger.de\/#website"},"primaryImageOfPage":{"@id":"https:\/\/fliegende-homberger.de\/index.php\/die-fliegenden-homberger\/trainerteam\/#primaryimage"},"datePublished":"2016-12-27T18:19:08+00:00","dateModified":"2024-01-12T20:34:25+00:00","breadcrumb":{"@id":"https:\/\/fliegende-homberger.de\/index.php\/die-fliegenden-homberger\/trainerteam\/#breadcrumb"},"inLanguage":"de","potentialAction":[{"@type":"ReadAction","target":["https:\/\/fliegende-homberger.de\/index.php\/die-fliegenden-homberger\/trainerteam\/"]}]},{"@type":"BreadcrumbList","@id":"https:\/\/fliegende-homberger.de\/index.php\/die-fliegenden-homberger\/trainerteam\/#breadcrumb","itemListElement":[{"@type":"ListItem","position":1,"name":"Startseite","item":"https:\/\/fliegende-homberger.de\/"},{"@type":"ListItem","position":2,"name":"Das sind wir","item":"https:\/\/fliegende-homberger.de\/index.php\/die-fliegenden-homberger\/"},{"@type":"ListItem","position":3,"name":"Trainerteam"}]}]}},"jetpack_sharing_enabled":true,"jetpack_shortlink":"https:\/\/wp.me\/P8mcYR-m","_links":{"self":[{"href":"https:\/\/fliegende-homberger.de\/index.php\/wp-json\/wp\/v2\/pages\/22"}],"collection":[{"href":"https:\/\/fliegende-homberger.de\/index.php\/wp-json\/wp\/v2\/pages"}],"about":[{"href":"https:\/\/fliegende-homberger.de\/index.php\/wp-json\/wp\/v2\/types\/page"}],"author":[{"embeddable":true,"href":"https:\/\/fliegende-homberger.de\/index.php\/wp-json\/wp\/v2\/users\/1"}],"replies":[{"embeddable":true,"href":"https:\/\/fliegende-homberger.de\/index.php\/wp-json\/wp\/v2\/comments?post=22"}],"version-history":[{"count":10,"href":"https:\/\/fliegende-homberger.de\/index.php\/wp-json\/wp\/v2\/pages\/22\/revisions"}],"predecessor-version":[{"id":2018,"href":"https:\/\/fliegende-homberger.de\/index.php\/wp-json\/wp\/v2\/pages\/22\/revisions\/2018"}],"up":[{"embeddable":true,"href":"https:\/\/fliegende-homberger.de\/index.php\/wp-json\/wp\/v2\/pages\/61"}],"wp:featuredmedia":[{"embeddable":true,"href":"https:\/\/fliegende-homberger.de\/index.php\/wp-json\/wp\/v2\/media\/2014"}],"wp:attachment":[{"href":"https:\/\/fliegende-homberger.de\/index.php\/wp-json\/wp\/v2\/media?parent=22"}],"curies":[{"name":"wp","href":"https:\/\/api.w.org\/{rel}","templated":true}]}}