{"id":180,"date":"2016-12-29T21:31:30","date_gmt":"2016-12-29T19:31:30","guid":{"rendered":"https:\/\/fliegendehomberger.wordpress.com\/?page_id=180"},"modified":"2018-01-24T11:09:45","modified_gmt":"2018-01-24T10:09:45","slug":"chamaeleon","status":"publish","type":"page","link":"https:\/\/fliegende-homberger.de\/index.php\/shows\/chamaeleon\/","title":{"rendered":"Cham\u00e4leon"},"content":{"rendered":"<h3>Cham\u00e4leon<\/h3>\n<p>Diese unterhaltsame und humorvolle Choreographie taucht die Fl\u00e4che f\u00fcr f\u00fcnf Minuten in leuchtendes Gr\u00fcn. Mit der Musik kommt Leben in die kleinen Gestalten und was eben noch ein sich bewegendes Blatt war, entpuppt sich bald darauf als Cham\u00e4leon, dass mit lustigen Bewegungen \u00fcber die Fl\u00e4chetanzt.<\/p>\n<div class=\"jetpack-video-wrapper\"><span class=\"embed-youtube\" style=\"text-align:center; display: block;\"><iframe loading=\"lazy\" class=\"youtube-player\" width=\"820\" height=\"462\" src=\"https:\/\/www.youtube.com\/embed\/ueYsDbaEf5k?version=3&#038;rel=1&#038;showsearch=0&#038;showinfo=1&#038;iv_load_policy=1&#038;fs=1&#038;hl=de-DE&#038;autohide=2&#038;wmode=transparent\" allowfullscreen=\"true\" style=\"border:0;\" sandbox=\"allow-scripts allow-same-origin allow-popups allow-presentation\"><\/iframe><\/span><\/div>\n<h4>Allgemeine Informationen<\/h4>\n<ul>\n<li>Dauer: 5 Minuten<\/li>\n<li>Teilnehmer: 30 &#8211; 40<\/li>\n<li>B\u00fchne: Bodenfl\u00e4che min. 12m x 12m<\/li>\n<li>Ger\u00e4te: Bodenl\u00e4ufer<\/li>\n<li>Eigene Ger\u00e4te: Bodentuch (14m x 14m), Bl\u00e4tter<\/li>\n<li>Aufbauaufwand: Bodenfl\u00e4che, Tuch<\/li>\n<\/ul>\n<p>&nbsp;<\/p>\n<p><img data-attachment-id=\"460\" data-permalink=\"https:\/\/fliegende-homberger.de\/index.php\/shows\/chamaeleon\/phoca_thumb_l_ni52vorent-113\/\" data-orig-file=\"https:\/\/fliegende-homberger.de\/wp-content\/uploads\/phoca_thumb_l_Ni52Vorent-113.jpg\" data-orig-size=\"1024,682\" data-comments-opened=\"1\" data-image-meta=\"{&quot;aperture&quot;:&quot;0&quot;,&quot;credit&quot;:&quot;&quot;,&quot;camera&quot;:&quot;&quot;,&quot;caption&quot;:&quot;&quot;,&quot;created_timestamp&quot;:&quot;0&quot;,&quot;copyright&quot;:&quot;&quot;,&quot;focal_length&quot;:&quot;0&quot;,&quot;iso&quot;:&quot;0&quot;,&quot;shutter_speed&quot;:&quot;0&quot;,&quot;title&quot;:&quot;&quot;,&quot;orientation&quot;:&quot;1&quot;}\" data-image-title=\"phoca_thumb_l_Ni52Vorent (113)\" data-image-description=\"\" data-image-caption=\"\" data-medium-file=\"https:\/\/fliegende-homberger.de\/wp-content\/uploads\/phoca_thumb_l_Ni52Vorent-113-300x200.jpg\" data-large-file=\"https:\/\/fliegende-homberger.de\/wp-content\/uploads\/phoca_thumb_l_Ni52Vorent-113-1024x682.jpg\" loading=\"lazy\" class=\"alignnone size-medium wp-image-460\" src=\"https:\/\/apps.hombergertv.de\/www.fliegende-homberger.de\/wp-content\/uploads\/phoca_thumb_l_Ni52Vorent-113-300x200.jpg\" alt=\"\" width=\"300\" height=\"200\" srcset=\"https:\/\/fliegende-homberger.de\/wp-content\/uploads\/phoca_thumb_l_Ni52Vorent-113-300x200.jpg 300w, https:\/\/fliegende-homberger.de\/wp-content\/uploads\/phoca_thumb_l_Ni52Vorent-113-768x512.jpg 768w, https:\/\/fliegende-homberger.de\/wp-content\/uploads\/phoca_thumb_l_Ni52Vorent-113.jpg 1024w\" sizes=\"(max-width: 300px) 100vw, 300px\" \/> \u00a0\u00a0<img data-attachment-id=\"871\" data-permalink=\"https:\/\/fliegende-homberger.de\/index.php\/shows\/chamaeleon\/honnef201587\/\" data-orig-file=\"https:\/\/fliegende-homberger.de\/wp-content\/uploads\/2018\/01\/Honnef201587.jpg\" data-orig-size=\"2317,1545\" data-comments-opened=\"0\" data-image-meta=\"{&quot;aperture&quot;:&quot;4&quot;,&quot;credit&quot;:&quot;&quot;,&quot;camera&quot;:&quot;Canon EOS 5D Mark II&quot;,&quot;caption&quot;:&quot;&quot;,&quot;created_timestamp&quot;:&quot;1426954723&quot;,&quot;copyright&quot;:&quot;&quot;,&quot;focal_length&quot;:&quot;55&quot;,&quot;iso&quot;:&quot;5000&quot;,&quot;shutter_speed&quot;:&quot;0.00625&quot;,&quot;title&quot;:&quot;&quot;,&quot;orientation&quot;:&quot;1&quot;}\" data-image-title=\"Honnef201587\" data-image-description=\"\" data-image-caption=\"\" data-medium-file=\"https:\/\/fliegende-homberger.de\/wp-content\/uploads\/2018\/01\/Honnef201587-300x200.jpg\" data-large-file=\"https:\/\/fliegende-homberger.de\/wp-content\/uploads\/2018\/01\/Honnef201587-1024x683.jpg\" loading=\"lazy\" class=\"alignnone size-medium wp-image-871\" src=\"https:\/\/apps.hombergertv.de\/www.fliegende-homberger.de\/wp-content\/uploads\/2018\/01\/Honnef201587-300x200.jpg\" alt=\"\" width=\"300\" height=\"200\" srcset=\"https:\/\/fliegende-homberger.de\/wp-content\/uploads\/2018\/01\/Honnef201587-300x200.jpg 300w, https:\/\/fliegende-homberger.de\/wp-content\/uploads\/2018\/01\/Honnef201587-768x512.jpg 768w, https:\/\/fliegende-homberger.de\/wp-content\/uploads\/2018\/01\/Honnef201587-1024x683.jpg 1024w, https:\/\/fliegende-homberger.de\/wp-content\/uploads\/2018\/01\/Honnef201587-1500x1000.jpg 1500w\" sizes=\"(max-width: 300px) 100vw, 300px\" \/><\/p>\n","protected":false},"excerpt":{"rendered":"<p>Cham\u00e4leon Diese unterhaltsame und humorvolle Choreographie taucht die Fl\u00e4che f\u00fcr f\u00fcnf Minuten in leuchtendes Gr\u00fcn. Mit der Musik kommt Leben in die kleinen Gestalten und was eben noch ein sich bewegendes Blatt war, entpuppt sich bald darauf als Cham\u00e4leon, dass mit lustigen Bewegungen \u00fcber die Fl\u00e4chetanzt. Allgemeine Informationen Dauer: 5 Minuten Teilnehmer: 30 &#8211; 40 [&hellip;]<\/p>\n","protected":false},"author":1,"featured_media":458,"parent":16,"menu_order":0,"comment_status":"closed","ping_status":"closed","template":"","meta":{"spay_email":""},"yoast_head":"<!-- This site is optimized with the Yoast SEO plugin v17.9 - https:\/\/yoast.com\/wordpress\/plugins\/seo\/ -->\n<title>Cham\u00e4leon - Fliegende Homberger - Showakrobatik<\/title>\n<meta name=\"robots\" content=\"index, follow, max-snippet:-1, max-image-preview:large, max-video-preview:-1\" \/>\n<link rel=\"canonical\" href=\"https:\/\/fliegende-homberger.de\/index.php\/shows\/chamaeleon\/\" \/>\n<meta property=\"og:locale\" content=\"de_DE\" \/>\n<meta property=\"og:type\" content=\"article\" \/>\n<meta property=\"og:title\" content=\"Cham\u00e4leon - Fliegende Homberger - Showakrobatik\" \/>\n<meta property=\"og:description\" content=\"Cham\u00e4leon Diese unterhaltsame und humorvolle Choreographie taucht die Fl\u00e4che f\u00fcr f\u00fcnf Minuten in leuchtendes Gr\u00fcn. Mit der Musik kommt Leben in die kleinen Gestalten und was eben noch ein sich bewegendes Blatt war, entpuppt sich bald darauf als Cham\u00e4leon, dass mit lustigen Bewegungen \u00fcber die Fl\u00e4chetanzt. Allgemeine Informationen Dauer: 5 Minuten Teilnehmer: 30 &#8211; 40 [&hellip;]\" \/>\n<meta property=\"og:url\" content=\"https:\/\/fliegende-homberger.de\/index.php\/shows\/chamaeleon\/\" \/>\n<meta property=\"og:site_name\" content=\"Fliegende Homberger - Showakrobatik\" \/>\n<meta property=\"article:publisher\" content=\"https:\/\/www.facebook.com\/FliegendeHomberger\/\" \/>\n<meta property=\"article:modified_time\" content=\"2018-01-24T10:09:45+00:00\" \/>\n<meta property=\"og:image\" content=\"https:\/\/fliegende-homberger.de\/wp-content\/uploads\/IMG_2316.jpg\" \/>\n\t<meta property=\"og:image:width\" content=\"1024\" \/>\n\t<meta property=\"og:image:height\" content=\"683\" \/>\n\t<meta property=\"og:image:type\" content=\"image\/jpeg\" \/>\n<meta name=\"twitter:card\" content=\"summary\" \/>\n<script type=\"application\/ld+json\" class=\"yoast-schema-graph\">{\"@context\":\"https:\/\/schema.org\",\"@graph\":[{\"@type\":\"Organization\",\"@id\":\"https:\/\/fliegende-homberger.de\/#organization\",\"name\":\"Fliegende Homberger\",\"url\":\"https:\/\/fliegende-homberger.de\/\",\"sameAs\":[\"https:\/\/www.facebook.com\/FliegendeHomberger\/\",\"https:\/\/www.instagram.com\/fliegendehomberger\/\",\"https:\/\/www.youtube.com\/user\/Buntaries\"],\"logo\":{\"@type\":\"ImageObject\",\"@id\":\"https:\/\/fliegende-homberger.de\/#logo\",\"inLanguage\":\"de\",\"url\":\"https:\/\/fliegende-homberger.de\/wp-content\/uploads\/cropped-12491847_1097494986951888_8353707070040920779_o.jpg\",\"contentUrl\":\"https:\/\/fliegende-homberger.de\/wp-content\/uploads\/cropped-12491847_1097494986951888_8353707070040920779_o.jpg\",\"width\":512,\"height\":512,\"caption\":\"Fliegende Homberger\"},\"image\":{\"@id\":\"https:\/\/fliegende-homberger.de\/#logo\"}},{\"@type\":\"WebSite\",\"@id\":\"https:\/\/fliegende-homberger.de\/#website\",\"url\":\"https:\/\/fliegende-homberger.de\/\",\"name\":\"Fliegende Homberger - Showakrobatik\",\"description\":\"\",\"publisher\":{\"@id\":\"https:\/\/fliegende-homberger.de\/#organization\"},\"potentialAction\":[{\"@type\":\"SearchAction\",\"target\":{\"@type\":\"EntryPoint\",\"urlTemplate\":\"https:\/\/fliegende-homberger.de\/?s={search_term_string}\"},\"query-input\":\"required name=search_term_string\"}],\"inLanguage\":\"de\"},{\"@type\":\"ImageObject\",\"@id\":\"https:\/\/fliegende-homberger.de\/index.php\/shows\/chamaeleon\/#primaryimage\",\"inLanguage\":\"de\",\"url\":\"https:\/\/fliegende-homberger.de\/wp-content\/uploads\/IMG_2316.jpg\",\"contentUrl\":\"https:\/\/fliegende-homberger.de\/wp-content\/uploads\/IMG_2316.jpg\",\"width\":1024,\"height\":683,\"caption\":\"DFH Cham\\u00e4leon\"},{\"@type\":\"WebPage\",\"@id\":\"https:\/\/fliegende-homberger.de\/index.php\/shows\/chamaeleon\/#webpage\",\"url\":\"https:\/\/fliegende-homberger.de\/index.php\/shows\/chamaeleon\/\",\"name\":\"Cham\\u00e4leon - Fliegende Homberger - Showakrobatik\",\"isPartOf\":{\"@id\":\"https:\/\/fliegende-homberger.de\/#website\"},\"primaryImageOfPage\":{\"@id\":\"https:\/\/fliegende-homberger.de\/index.php\/shows\/chamaeleon\/#primaryimage\"},\"datePublished\":\"2016-12-29T19:31:30+00:00\",\"dateModified\":\"2018-01-24T10:09:45+00:00\",\"breadcrumb\":{\"@id\":\"https:\/\/fliegende-homberger.de\/index.php\/shows\/chamaeleon\/#breadcrumb\"},\"inLanguage\":\"de\",\"potentialAction\":[{\"@type\":\"ReadAction\",\"target\":[\"https:\/\/fliegende-homberger.de\/index.php\/shows\/chamaeleon\/\"]}]},{\"@type\":\"BreadcrumbList\",\"@id\":\"https:\/\/fliegende-homberger.de\/index.php\/shows\/chamaeleon\/#breadcrumb\",\"itemListElement\":[{\"@type\":\"ListItem\",\"position\":1,\"name\":\"Startseite\",\"item\":\"https:\/\/fliegende-homberger.de\/\"},{\"@type\":\"ListItem\",\"position\":2,\"name\":\"Shows\",\"item\":\"https:\/\/fliegende-homberger.de\/index.php\/shows\/\"},{\"@type\":\"ListItem\",\"position\":3,\"name\":\"Cham\\u00e4leon\"}]}]}<\/script>\n<!-- \/ Yoast SEO plugin. -->","yoast_head_json":{"title":"Cham\u00e4leon - Fliegende Homberger - Showakrobatik","robots":{"index":"index","follow":"follow","max-snippet":"max-snippet:-1","max-image-preview":"max-image-preview:large","max-video-preview":"max-video-preview:-1"},"canonical":"https:\/\/fliegende-homberger.de\/index.php\/shows\/chamaeleon\/","og_locale":"de_DE","og_type":"article","og_title":"Cham\u00e4leon - Fliegende Homberger - Showakrobatik","og_description":"Cham\u00e4leon Diese unterhaltsame und humorvolle Choreographie taucht die Fl\u00e4che f\u00fcr f\u00fcnf Minuten in leuchtendes Gr\u00fcn. Mit der Musik kommt Leben in die kleinen Gestalten und was eben noch ein sich bewegendes Blatt war, entpuppt sich bald darauf als Cham\u00e4leon, dass mit lustigen Bewegungen \u00fcber die Fl\u00e4chetanzt. Allgemeine Informationen Dauer: 5 Minuten Teilnehmer: 30 &#8211; 40 [&hellip;]","og_url":"https:\/\/fliegende-homberger.de\/index.php\/shows\/chamaeleon\/","og_site_name":"Fliegende Homberger - Showakrobatik","article_publisher":"https:\/\/www.facebook.com\/FliegendeHomberger\/","article_modified_time":"2018-01-24T10:09:45+00:00","og_image":[{"width":1024,"height":683,"url":"https:\/\/fliegende-homberger.de\/wp-content\/uploads\/IMG_2316.jpg","type":"image\/jpeg"}],"twitter_card":"summary","schema":{"@context":"https:\/\/schema.org","@graph":[{"@type":"Organization","@id":"https:\/\/fliegende-homberger.de\/#organization","name":"Fliegende Homberger","url":"https:\/\/fliegende-homberger.de\/","sameAs":["https:\/\/www.facebook.com\/FliegendeHomberger\/","https:\/\/www.instagram.com\/fliegendehomberger\/","https:\/\/www.youtube.com\/user\/Buntaries"],"logo":{"@type":"ImageObject","@id":"https:\/\/fliegende-homberger.de\/#logo","inLanguage":"de","url":"https:\/\/fliegende-homberger.de\/wp-content\/uploads\/cropped-12491847_1097494986951888_8353707070040920779_o.jpg","contentUrl":"https:\/\/fliegende-homberger.de\/wp-content\/uploads\/cropped-12491847_1097494986951888_8353707070040920779_o.jpg","width":512,"height":512,"caption":"Fliegende Homberger"},"image":{"@id":"https:\/\/fliegende-homberger.de\/#logo"}},{"@type":"WebSite","@id":"https:\/\/fliegende-homberger.de\/#website","url":"https:\/\/fliegende-homberger.de\/","name":"Fliegende Homberger - Showakrobatik","description":"","publisher":{"@id":"https:\/\/fliegende-homberger.de\/#organization"},"potentialAction":[{"@type":"SearchAction","target":{"@type":"EntryPoint","urlTemplate":"https:\/\/fliegende-homberger.de\/?s={search_term_string}"},"query-input":"required name=search_term_string"}],"inLanguage":"de"},{"@type":"ImageObject","@id":"https:\/\/fliegende-homberger.de\/index.php\/shows\/chamaeleon\/#primaryimage","inLanguage":"de","url":"https:\/\/fliegende-homberger.de\/wp-content\/uploads\/IMG_2316.jpg","contentUrl":"https:\/\/fliegende-homberger.de\/wp-content\/uploads\/IMG_2316.jpg","width":1024,"height":683,"caption":"DFH Cham\u00e4leon"},{"@type":"WebPage","@id":"https:\/\/fliegende-homberger.de\/index.php\/shows\/chamaeleon\/#webpage","url":"https:\/\/fliegende-homberger.de\/index.php\/shows\/chamaeleon\/","name":"Cham\u00e4leon - Fliegende Homberger - Showakrobatik","isPartOf":{"@id":"https:\/\/fliegende-homberger.de\/#website"},"primaryImageOfPage":{"@id":"https:\/\/fliegende-homberger.de\/index.php\/shows\/chamaeleon\/#primaryimage"},"datePublished":"2016-12-29T19:31:30+00:00","dateModified":"2018-01-24T10:09:45+00:00","breadcrumb":{"@id":"https:\/\/fliegende-homberger.de\/index.php\/shows\/chamaeleon\/#breadcrumb"},"inLanguage":"de","potentialAction":[{"@type":"ReadAction","target":["https:\/\/fliegende-homberger.de\/index.php\/shows\/chamaeleon\/"]}]},{"@type":"BreadcrumbList","@id":"https:\/\/fliegende-homberger.de\/index.php\/shows\/chamaeleon\/#breadcrumb","itemListElement":[{"@type":"ListItem","position":1,"name":"Startseite","item":"https:\/\/fliegende-homberger.de\/"},{"@type":"ListItem","position":2,"name":"Shows","item":"https:\/\/fliegende-homberger.de\/index.php\/shows\/"},{"@type":"ListItem","position":3,"name":"Cham\u00e4leon"}]}]}},"jetpack_sharing_enabled":true,"jetpack_shortlink":"https:\/\/wp.me\/P8mcYR-2U","_links":{"self":[{"href":"https:\/\/fliegende-homberger.de\/index.php\/wp-json\/wp\/v2\/pages\/180"}],"collection":[{"href":"https:\/\/fliegende-homberger.de\/index.php\/wp-json\/wp\/v2\/pages"}],"about":[{"href":"https:\/\/fliegende-homberger.de\/index.php\/wp-json\/wp\/v2\/types\/page"}],"author":[{"embeddable":true,"href":"https:\/\/fliegende-homberger.de\/index.php\/wp-json\/wp\/v2\/users\/1"}],"replies":[{"embeddable":true,"href":"https:\/\/fliegende-homberger.de\/index.php\/wp-json\/wp\/v2\/comments?post=180"}],"version-history":[{"count":5,"href":"https:\/\/fliegende-homberger.de\/index.php\/wp-json\/wp\/v2\/pages\/180\/revisions"}],"predecessor-version":[{"id":1078,"href":"https:\/\/fliegende-homberger.de\/index.php\/wp-json\/wp\/v2\/pages\/180\/revisions\/1078"}],"up":[{"embeddable":true,"href":"https:\/\/fliegende-homberger.de\/index.php\/wp-json\/wp\/v2\/pages\/16"}],"wp:featuredmedia":[{"embeddable":true,"href":"https:\/\/fliegende-homberger.de\/index.php\/wp-json\/wp\/v2\/media\/458"}],"wp:attachment":[{"href":"https:\/\/fliegende-homberger.de\/index.php\/wp-json\/wp\/v2\/media?parent=180"}],"curies":[{"name":"wp","href":"https:\/\/api.w.org\/{rel}","templated":true}]}}