{"id":1695,"date":"2020-08-27T14:08:47","date_gmt":"2020-08-27T12:08:47","guid":{"rendered":"https:\/\/apps.hombergertv.de\/www.fliegende-homberger.de\/?page_id=1695"},"modified":"2025-12-06T09:33:01","modified_gmt":"2025-12-06T08:33:01","slug":"partner-sponsoren","status":"publish","type":"page","link":"https:\/\/fliegende-homberger.de\/index.php\/die-fliegenden-homberger\/partner-sponsoren\/","title":{"rendered":"Partner &#038; Sponsoren"},"content":{"rendered":"\n<h2>Partner &amp; Sponsoren<\/h2>\n\n\n\n<p> Wir freuen uns jederzeit \u00fcber Unterst\u00fctzung von Firmen und Privatpersonen, die ehrenamtliches Engagement sch\u00e4tzen und f\u00f6rdern. Mit den Fliegenden Hombergern haben Sie eine national wie international erfolgreiche Showakrobatikgruppe aus Duisburg an Ihrer Seite. Wie ein solches Sponsoring aussehen kann, entnehmen Sie gerne unserer <a href=\"https:\/\/apps2.hombergertv.de\/nextcloud\/index.php\/apps\/files\/?dir=\/FH-Team\/FH_Angebote-Pr\u00e4sentation&amp;fileid=496#pdfviewer\">Pr\u00e4sentationsmappe.<\/a> Sprechen Sie uns gerne an. <\/p>\n\n\n\n<p>Kontakt: <a href=\"mailto:fliegende@hombergertv.de\">flickflack66@web.de<\/a><\/p>\n\n\n\n<p>(Ansprechpartner: Stephanie Dortelmann)<\/p>\n\n\n\n<p><\/p>\n\n\n\n<h2>Partner der Fliegenden Homberger<\/h2>\n\n\n\n<h4>GEG Eventproduction<\/h4>\n\n\n\n<p>Der GEG Eventproduction verdanken wir die Ausstattung sowie Vermittlung in allen Angelegenheiten rundum die Veranstaltungstechnik. Somit stehen uns f\u00fcr Choreographien aber auch eigene Shows stets professionelle Licht- und Tontechnik aber auch Requisiten wie B\u00fchnenelemente zur Verf\u00fcgung. <\/p>\n","protected":false},"excerpt":{"rendered":"<p>Partner &amp; Sponsoren Wir freuen uns jederzeit \u00fcber Unterst\u00fctzung von Firmen und Privatpersonen, die ehrenamtliches Engagement sch\u00e4tzen und f\u00f6rdern. Mit den Fliegenden Hombergern haben Sie eine national wie international erfolgreiche Showakrobatikgruppe aus Duisburg an Ihrer Seite. Wie ein solches Sponsoring aussehen kann, entnehmen Sie gerne unserer Pr\u00e4sentationsmappe. Sprechen Sie uns gerne an. Kontakt: flickflack66@web.de (Ansprechpartner: [&hellip;]<\/p>\n","protected":false},"author":1,"featured_media":1308,"parent":61,"menu_order":0,"comment_status":"closed","ping_status":"closed","template":"","meta":{"spay_email":""},"yoast_head":"<!-- This site is optimized with the Yoast SEO plugin v17.9 - https:\/\/yoast.com\/wordpress\/plugins\/seo\/ -->\n<title>Partner &amp; Sponsoren - Fliegende Homberger - Showakrobatik<\/title>\n<meta name=\"robots\" content=\"index, follow, max-snippet:-1, max-image-preview:large, max-video-preview:-1\" \/>\n<link rel=\"canonical\" href=\"https:\/\/fliegende-homberger.de\/index.php\/die-fliegenden-homberger\/partner-sponsoren\/\" \/>\n<meta property=\"og:locale\" content=\"de_DE\" \/>\n<meta property=\"og:type\" content=\"article\" \/>\n<meta property=\"og:title\" content=\"Partner &amp; Sponsoren - Fliegende Homberger - Showakrobatik\" \/>\n<meta property=\"og:description\" content=\"Partner &amp; Sponsoren Wir freuen uns jederzeit \u00fcber Unterst\u00fctzung von Firmen und Privatpersonen, die ehrenamtliches Engagement sch\u00e4tzen und f\u00f6rdern. Mit den Fliegenden Hombergern haben Sie eine national wie international erfolgreiche Showakrobatikgruppe aus Duisburg an Ihrer Seite. Wie ein solches Sponsoring aussehen kann, entnehmen Sie gerne unserer Pr\u00e4sentationsmappe. Sprechen Sie uns gerne an. Kontakt: flickflack66@web.de (Ansprechpartner: [&hellip;]\" \/>\n<meta property=\"og:url\" content=\"https:\/\/fliegende-homberger.de\/index.php\/die-fliegenden-homberger\/partner-sponsoren\/\" \/>\n<meta property=\"og:site_name\" content=\"Fliegende Homberger - Showakrobatik\" \/>\n<meta property=\"article:publisher\" content=\"https:\/\/www.facebook.com\/FliegendeHomberger\/\" \/>\n<meta property=\"article:modified_time\" content=\"2025-12-06T08:33:01+00:00\" \/>\n<meta property=\"og:image\" content=\"https:\/\/fliegende-homberger.de\/wp-content\/uploads\/2019\/06\/36403828_1985573891477322_2616884652459163648_o.jpg\" \/>\n\t<meta property=\"og:image:width\" content=\"1600\" \/>\n\t<meta property=\"og:image:height\" content=\"1200\" \/>\n\t<meta property=\"og:image:type\" content=\"image\/jpeg\" \/>\n<meta name=\"twitter:card\" content=\"summary\" \/>\n<meta name=\"twitter:label1\" content=\"Gesch\u00e4tzte Lesezeit\" \/>\n\t<meta name=\"twitter:data1\" content=\"1\u00a0Minute\" \/>\n<script type=\"application\/ld+json\" class=\"yoast-schema-graph\">{\"@context\":\"https:\/\/schema.org\",\"@graph\":[{\"@type\":\"Organization\",\"@id\":\"https:\/\/fliegende-homberger.de\/#organization\",\"name\":\"Fliegende Homberger\",\"url\":\"https:\/\/fliegende-homberger.de\/\",\"sameAs\":[\"https:\/\/www.facebook.com\/FliegendeHomberger\/\",\"https:\/\/www.instagram.com\/fliegendehomberger\/\",\"https:\/\/www.youtube.com\/user\/Buntaries\"],\"logo\":{\"@type\":\"ImageObject\",\"@id\":\"https:\/\/fliegende-homberger.de\/#logo\",\"inLanguage\":\"de\",\"url\":\"https:\/\/fliegende-homberger.de\/wp-content\/uploads\/cropped-12491847_1097494986951888_8353707070040920779_o.jpg\",\"contentUrl\":\"https:\/\/fliegende-homberger.de\/wp-content\/uploads\/cropped-12491847_1097494986951888_8353707070040920779_o.jpg\",\"width\":512,\"height\":512,\"caption\":\"Fliegende Homberger\"},\"image\":{\"@id\":\"https:\/\/fliegende-homberger.de\/#logo\"}},{\"@type\":\"WebSite\",\"@id\":\"https:\/\/fliegende-homberger.de\/#website\",\"url\":\"https:\/\/fliegende-homberger.de\/\",\"name\":\"Fliegende Homberger - Showakrobatik\",\"description\":\"\",\"publisher\":{\"@id\":\"https:\/\/fliegende-homberger.de\/#organization\"},\"potentialAction\":[{\"@type\":\"SearchAction\",\"target\":{\"@type\":\"EntryPoint\",\"urlTemplate\":\"https:\/\/fliegende-homberger.de\/?s={search_term_string}\"},\"query-input\":\"required name=search_term_string\"}],\"inLanguage\":\"de\"},{\"@type\":\"ImageObject\",\"@id\":\"https:\/\/fliegende-homberger.de\/index.php\/die-fliegenden-homberger\/partner-sponsoren\/#primaryimage\",\"inLanguage\":\"de\",\"url\":\"https:\/\/fliegende-homberger.de\/wp-content\/uploads\/2019\/06\/36403828_1985573891477322_2616884652459163648_o.jpg\",\"contentUrl\":\"https:\/\/fliegende-homberger.de\/wp-content\/uploads\/2019\/06\/36403828_1985573891477322_2616884652459163648_o.jpg\",\"width\":1600,\"height\":1200},{\"@type\":\"WebPage\",\"@id\":\"https:\/\/fliegende-homberger.de\/index.php\/die-fliegenden-homberger\/partner-sponsoren\/#webpage\",\"url\":\"https:\/\/fliegende-homberger.de\/index.php\/die-fliegenden-homberger\/partner-sponsoren\/\",\"name\":\"Partner & Sponsoren - Fliegende Homberger - Showakrobatik\",\"isPartOf\":{\"@id\":\"https:\/\/fliegende-homberger.de\/#website\"},\"primaryImageOfPage\":{\"@id\":\"https:\/\/fliegende-homberger.de\/index.php\/die-fliegenden-homberger\/partner-sponsoren\/#primaryimage\"},\"datePublished\":\"2020-08-27T12:08:47+00:00\",\"dateModified\":\"2025-12-06T08:33:01+00:00\",\"breadcrumb\":{\"@id\":\"https:\/\/fliegende-homberger.de\/index.php\/die-fliegenden-homberger\/partner-sponsoren\/#breadcrumb\"},\"inLanguage\":\"de\",\"potentialAction\":[{\"@type\":\"ReadAction\",\"target\":[\"https:\/\/fliegende-homberger.de\/index.php\/die-fliegenden-homberger\/partner-sponsoren\/\"]}]},{\"@type\":\"BreadcrumbList\",\"@id\":\"https:\/\/fliegende-homberger.de\/index.php\/die-fliegenden-homberger\/partner-sponsoren\/#breadcrumb\",\"itemListElement\":[{\"@type\":\"ListItem\",\"position\":1,\"name\":\"Startseite\",\"item\":\"https:\/\/fliegende-homberger.de\/\"},{\"@type\":\"ListItem\",\"position\":2,\"name\":\"Das sind wir\",\"item\":\"https:\/\/fliegende-homberger.de\/index.php\/die-fliegenden-homberger\/\"},{\"@type\":\"ListItem\",\"position\":3,\"name\":\"Partner &#038; Sponsoren\"}]}]}<\/script>\n<!-- \/ Yoast SEO plugin. -->","yoast_head_json":{"title":"Partner & Sponsoren - Fliegende Homberger - Showakrobatik","robots":{"index":"index","follow":"follow","max-snippet":"max-snippet:-1","max-image-preview":"max-image-preview:large","max-video-preview":"max-video-preview:-1"},"canonical":"https:\/\/fliegende-homberger.de\/index.php\/die-fliegenden-homberger\/partner-sponsoren\/","og_locale":"de_DE","og_type":"article","og_title":"Partner & Sponsoren - Fliegende Homberger - Showakrobatik","og_description":"Partner &amp; Sponsoren Wir freuen uns jederzeit \u00fcber Unterst\u00fctzung von Firmen und Privatpersonen, die ehrenamtliches Engagement sch\u00e4tzen und f\u00f6rdern. Mit den Fliegenden Hombergern haben Sie eine national wie international erfolgreiche Showakrobatikgruppe aus Duisburg an Ihrer Seite. Wie ein solches Sponsoring aussehen kann, entnehmen Sie gerne unserer Pr\u00e4sentationsmappe. Sprechen Sie uns gerne an. Kontakt: flickflack66@web.de (Ansprechpartner: [&hellip;]","og_url":"https:\/\/fliegende-homberger.de\/index.php\/die-fliegenden-homberger\/partner-sponsoren\/","og_site_name":"Fliegende Homberger - Showakrobatik","article_publisher":"https:\/\/www.facebook.com\/FliegendeHomberger\/","article_modified_time":"2025-12-06T08:33:01+00:00","og_image":[{"width":1600,"height":1200,"url":"https:\/\/fliegende-homberger.de\/wp-content\/uploads\/2019\/06\/36403828_1985573891477322_2616884652459163648_o.jpg","type":"image\/jpeg"}],"twitter_card":"summary","twitter_misc":{"Gesch\u00e4tzte Lesezeit":"1\u00a0Minute"},"schema":{"@context":"https:\/\/schema.org","@graph":[{"@type":"Organization","@id":"https:\/\/fliegende-homberger.de\/#organization","name":"Fliegende Homberger","url":"https:\/\/fliegende-homberger.de\/","sameAs":["https:\/\/www.facebook.com\/FliegendeHomberger\/","https:\/\/www.instagram.com\/fliegendehomberger\/","https:\/\/www.youtube.com\/user\/Buntaries"],"logo":{"@type":"ImageObject","@id":"https:\/\/fliegende-homberger.de\/#logo","inLanguage":"de","url":"https:\/\/fliegende-homberger.de\/wp-content\/uploads\/cropped-12491847_1097494986951888_8353707070040920779_o.jpg","contentUrl":"https:\/\/fliegende-homberger.de\/wp-content\/uploads\/cropped-12491847_1097494986951888_8353707070040920779_o.jpg","width":512,"height":512,"caption":"Fliegende Homberger"},"image":{"@id":"https:\/\/fliegende-homberger.de\/#logo"}},{"@type":"WebSite","@id":"https:\/\/fliegende-homberger.de\/#website","url":"https:\/\/fliegende-homberger.de\/","name":"Fliegende Homberger - Showakrobatik","description":"","publisher":{"@id":"https:\/\/fliegende-homberger.de\/#organization"},"potentialAction":[{"@type":"SearchAction","target":{"@type":"EntryPoint","urlTemplate":"https:\/\/fliegende-homberger.de\/?s={search_term_string}"},"query-input":"required name=search_term_string"}],"inLanguage":"de"},{"@type":"ImageObject","@id":"https:\/\/fliegende-homberger.de\/index.php\/die-fliegenden-homberger\/partner-sponsoren\/#primaryimage","inLanguage":"de","url":"https:\/\/fliegende-homberger.de\/wp-content\/uploads\/2019\/06\/36403828_1985573891477322_2616884652459163648_o.jpg","contentUrl":"https:\/\/fliegende-homberger.de\/wp-content\/uploads\/2019\/06\/36403828_1985573891477322_2616884652459163648_o.jpg","width":1600,"height":1200},{"@type":"WebPage","@id":"https:\/\/fliegende-homberger.de\/index.php\/die-fliegenden-homberger\/partner-sponsoren\/#webpage","url":"https:\/\/fliegende-homberger.de\/index.php\/die-fliegenden-homberger\/partner-sponsoren\/","name":"Partner & Sponsoren - Fliegende Homberger - Showakrobatik","isPartOf":{"@id":"https:\/\/fliegende-homberger.de\/#website"},"primaryImageOfPage":{"@id":"https:\/\/fliegende-homberger.de\/index.php\/die-fliegenden-homberger\/partner-sponsoren\/#primaryimage"},"datePublished":"2020-08-27T12:08:47+00:00","dateModified":"2025-12-06T08:33:01+00:00","breadcrumb":{"@id":"https:\/\/fliegende-homberger.de\/index.php\/die-fliegenden-homberger\/partner-sponsoren\/#breadcrumb"},"inLanguage":"de","potentialAction":[{"@type":"ReadAction","target":["https:\/\/fliegende-homberger.de\/index.php\/die-fliegenden-homberger\/partner-sponsoren\/"]}]},{"@type":"BreadcrumbList","@id":"https:\/\/fliegende-homberger.de\/index.php\/die-fliegenden-homberger\/partner-sponsoren\/#breadcrumb","itemListElement":[{"@type":"ListItem","position":1,"name":"Startseite","item":"https:\/\/fliegende-homberger.de\/"},{"@type":"ListItem","position":2,"name":"Das sind wir","item":"https:\/\/fliegende-homberger.de\/index.php\/die-fliegenden-homberger\/"},{"@type":"ListItem","position":3,"name":"Partner &#038; Sponsoren"}]}]}},"jetpack_sharing_enabled":true,"jetpack_shortlink":"https:\/\/wp.me\/P8mcYR-rl","_links":{"self":[{"href":"https:\/\/fliegende-homberger.de\/index.php\/wp-json\/wp\/v2\/pages\/1695"}],"collection":[{"href":"https:\/\/fliegende-homberger.de\/index.php\/wp-json\/wp\/v2\/pages"}],"about":[{"href":"https:\/\/fliegende-homberger.de\/index.php\/wp-json\/wp\/v2\/types\/page"}],"author":[{"embeddable":true,"href":"https:\/\/fliegende-homberger.de\/index.php\/wp-json\/wp\/v2\/users\/1"}],"replies":[{"embeddable":true,"href":"https:\/\/fliegende-homberger.de\/index.php\/wp-json\/wp\/v2\/comments?post=1695"}],"version-history":[{"count":8,"href":"https:\/\/fliegende-homberger.de\/index.php\/wp-json\/wp\/v2\/pages\/1695\/revisions"}],"predecessor-version":[{"id":2350,"href":"https:\/\/fliegende-homberger.de\/index.php\/wp-json\/wp\/v2\/pages\/1695\/revisions\/2350"}],"up":[{"embeddable":true,"href":"https:\/\/fliegende-homberger.de\/index.php\/wp-json\/wp\/v2\/pages\/61"}],"wp:featuredmedia":[{"embeddable":true,"href":"https:\/\/fliegende-homberger.de\/index.php\/wp-json\/wp\/v2\/media\/1308"}],"wp:attachment":[{"href":"https:\/\/fliegende-homberger.de\/index.php\/wp-json\/wp\/v2\/media?parent=1695"}],"curies":[{"name":"wp","href":"https:\/\/api.w.org\/{rel}","templated":true}]}}