{"id":16,"date":"2016-12-27T20:03:29","date_gmt":"2016-12-27T18:03:29","guid":{"rendered":"https:\/\/fliegendehomberger.wordpress.com\/?page_id=16"},"modified":"2025-12-06T09:33:44","modified_gmt":"2025-12-06T08:33:44","slug":"shows","status":"publish","type":"page","link":"https:\/\/fliegende-homberger.de\/index.php\/shows\/","title":{"rendered":"Shows"},"content":{"rendered":"<h1 style=\"text-align: left;\">Unsere Shows<\/h1>\n<p>Hochkar\u00e4tige Choreographien bestehend aus anspruchsvoller Akrobatik, Turnen, Tanz, Schauspiel und ungebremster Bewegungsfreude maximieren den Unterhaltungswert unserer Shows und entf\u00fchren das Publikum in eine Welt der Bewegungskunst.&nbsp;<\/p>\n<p style=\"text-align: left;\">Wir bieten eine Vielzahl von Showvorf\u00fchrungen in verschiedenen Gruppengr\u00f6\u00dfen, L\u00e4ngen und k\u00fcnstlerischen Inhalten an. Neben den Showprogrammen f\u00fcr die Gro\u00dfgruppe, erm\u00f6glichen unsere diversen Kleingruppen Acts auch die Pr\u00e4sentation auf kleinen B\u00fchnen oder Auftrittsfl\u00e4chen.<\/p>\n<h3 style=\"text-align: center;\">Aktuelle Shows:<\/h3>\n<h4 style=\"text-align: center;\"><a href=\"https:\/\/fliegende-homberger.de\/index.php\/shows\/sirenen-mystische-klaenge-aus-der-tiefsee\/\">&#8222;Sirenes &#8211; Mystische Kl\u00e4nger der Tiefsee&#8220; &amp; &#8222;The Seed &#8211; Cube Show&#8220;<\/a><\/h4>\n<div data-carousel-extra='{\"blog_id\":1,\"permalink\":\"https:\\\/\\\/fliegende-homberger.de\\\/index.php\\\/shows\\\/\"}' id='gallery-1' class='gallery galleryid-16 gallery-columns-3 gallery-size-thumbnail'><figure class='gallery-item'>\n\t\t\t<div class='gallery-icon portrait'>\n\t\t\t\t<a href='https:\/\/fliegende-homberger.de\/index.php\/himmelsstuermer\/216-p1268845\/'><img width=\"150\" height=\"150\" src=\"https:\/\/fliegende-homberger.de\/wp-content\/uploads\/2024\/01\/216-P1268845-150x150.jpg\" class=\"attachment-thumbnail size-thumbnail\" alt=\"\" loading=\"lazy\" data-attachment-id=\"2235\" data-permalink=\"https:\/\/fliegende-homberger.de\/index.php\/himmelsstuermer\/216-p1268845\/\" data-orig-file=\"https:\/\/fliegende-homberger.de\/wp-content\/uploads\/2024\/01\/216-P1268845.jpg\" data-orig-size=\"1365,2048\" data-comments-opened=\"0\" data-image-meta=\"{&quot;aperture&quot;:&quot;0&quot;,&quot;credit&quot;:&quot;&quot;,&quot;camera&quot;:&quot;&quot;,&quot;caption&quot;:&quot;&quot;,&quot;created_timestamp&quot;:&quot;0&quot;,&quot;copyright&quot;:&quot;&quot;,&quot;focal_length&quot;:&quot;0&quot;,&quot;iso&quot;:&quot;0&quot;,&quot;shutter_speed&quot;:&quot;0&quot;,&quot;title&quot;:&quot;&quot;,&quot;orientation&quot;:&quot;0&quot;}\" data-image-title=\"216-P1268845\" data-image-description=\"\" data-image-caption=\"\" data-medium-file=\"https:\/\/fliegende-homberger.de\/wp-content\/uploads\/2024\/01\/216-P1268845-200x300.jpg\" data-large-file=\"https:\/\/fliegende-homberger.de\/wp-content\/uploads\/2024\/01\/216-P1268845-683x1024.jpg\" \/><\/a>\n\t\t\t<\/div><\/figure><figure class='gallery-item'>\n\t\t\t<div class='gallery-icon portrait'>\n\t\t\t\t<a href='https:\/\/fliegende-homberger.de\/index.php\/himmelsstuermer\/217-p1093134\/'><img width=\"150\" height=\"150\" src=\"https:\/\/fliegende-homberger.de\/wp-content\/uploads\/2024\/01\/217-P1093134-150x150.jpg\" class=\"attachment-thumbnail size-thumbnail\" alt=\"\" loading=\"lazy\" data-attachment-id=\"2236\" data-permalink=\"https:\/\/fliegende-homberger.de\/index.php\/himmelsstuermer\/217-p1093134\/\" data-orig-file=\"https:\/\/fliegende-homberger.de\/wp-content\/uploads\/2024\/01\/217-P1093134.jpg\" data-orig-size=\"1365,2048\" data-comments-opened=\"0\" data-image-meta=\"{&quot;aperture&quot;:&quot;0&quot;,&quot;credit&quot;:&quot;&quot;,&quot;camera&quot;:&quot;&quot;,&quot;caption&quot;:&quot;&quot;,&quot;created_timestamp&quot;:&quot;0&quot;,&quot;copyright&quot;:&quot;&quot;,&quot;focal_length&quot;:&quot;0&quot;,&quot;iso&quot;:&quot;0&quot;,&quot;shutter_speed&quot;:&quot;0&quot;,&quot;title&quot;:&quot;&quot;,&quot;orientation&quot;:&quot;0&quot;}\" data-image-title=\"217-P1093134\" data-image-description=\"\" data-image-caption=\"\" data-medium-file=\"https:\/\/fliegende-homberger.de\/wp-content\/uploads\/2024\/01\/217-P1093134-200x300.jpg\" data-large-file=\"https:\/\/fliegende-homberger.de\/wp-content\/uploads\/2024\/01\/217-P1093134-683x1024.jpg\" \/><\/a>\n\t\t\t<\/div><\/figure><figure class='gallery-item'>\n\t\t\t<div class='gallery-icon portrait'>\n\t\t\t\t<a href='https:\/\/fliegende-homberger.de\/index.php\/himmelsstuermer\/96-p1268105\/'><img width=\"150\" height=\"150\" src=\"https:\/\/fliegende-homberger.de\/wp-content\/uploads\/2024\/01\/96-P1268105-150x150.jpg\" class=\"attachment-thumbnail size-thumbnail\" alt=\"\" loading=\"lazy\" data-attachment-id=\"2115\" data-permalink=\"https:\/\/fliegende-homberger.de\/index.php\/himmelsstuermer\/96-p1268105\/\" data-orig-file=\"https:\/\/fliegende-homberger.de\/wp-content\/uploads\/2024\/01\/96-P1268105.jpg\" data-orig-size=\"1365,2048\" data-comments-opened=\"0\" data-image-meta=\"{&quot;aperture&quot;:&quot;0&quot;,&quot;credit&quot;:&quot;&quot;,&quot;camera&quot;:&quot;&quot;,&quot;caption&quot;:&quot;&quot;,&quot;created_timestamp&quot;:&quot;0&quot;,&quot;copyright&quot;:&quot;&quot;,&quot;focal_length&quot;:&quot;0&quot;,&quot;iso&quot;:&quot;0&quot;,&quot;shutter_speed&quot;:&quot;0&quot;,&quot;title&quot;:&quot;&quot;,&quot;orientation&quot;:&quot;0&quot;}\" data-image-title=\"96-P1268105\" data-image-description=\"\" data-image-caption=\"\" data-medium-file=\"https:\/\/fliegende-homberger.de\/wp-content\/uploads\/2024\/01\/96-P1268105-200x300.jpg\" data-large-file=\"https:\/\/fliegende-homberger.de\/wp-content\/uploads\/2024\/01\/96-P1268105-683x1024.jpg\" \/><\/a>\n\t\t\t<\/div><\/figure>\n\t\t<\/div>\n\n<p style=\"text-align: center;\">\n<\/p><h4 style=\"text-align: center;\"><a href=\"https:\/\/apps.hombergertv.de\/www.fliegende-homberger.de\/index.php\/shows\/kleinprogramme\/\">Kleingruppen Acts<\/a><\/h4>\n<p style=\"text-align: center;\"><img data-attachment-id=\"912\" data-permalink=\"https:\/\/fliegende-homberger.de\/index.php\/shows\/kleinprogramme\/14956394_1327082180659833_8870888914741053082_n\/\" data-orig-file=\"https:\/\/fliegende-homberger.de\/wp-content\/uploads\/2018\/01\/14956394_1327082180659833_8870888914741053082_n.jpg\" data-orig-size=\"960,640\" data-comments-opened=\"0\" data-image-meta=\"{&quot;aperture&quot;:&quot;0&quot;,&quot;credit&quot;:&quot;&quot;,&quot;camera&quot;:&quot;&quot;,&quot;caption&quot;:&quot;&quot;,&quot;created_timestamp&quot;:&quot;0&quot;,&quot;copyright&quot;:&quot;&quot;,&quot;focal_length&quot;:&quot;0&quot;,&quot;iso&quot;:&quot;0&quot;,&quot;shutter_speed&quot;:&quot;0&quot;,&quot;title&quot;:&quot;&quot;,&quot;orientation&quot;:&quot;0&quot;}\" data-image-title=\"14956394_1327082180659833_8870888914741053082_n\" data-image-description=\"\" data-image-caption=\"\" data-medium-file=\"https:\/\/fliegende-homberger.de\/wp-content\/uploads\/2018\/01\/14956394_1327082180659833_8870888914741053082_n-300x200.jpg\" data-large-file=\"https:\/\/fliegende-homberger.de\/wp-content\/uploads\/2018\/01\/14956394_1327082180659833_8870888914741053082_n.jpg\" loading=\"lazy\" class=\"wp-image-912\" src=\"https:\/\/apps.hombergertv.de\/www.fliegende-homberger.de\/wp-content\/uploads\/2018\/01\/14956394_1327082180659833_8870888914741053082_n.jpg\" alt=\"\" width=\"499\" height=\"332\" srcset=\"https:\/\/fliegende-homberger.de\/wp-content\/uploads\/2018\/01\/14956394_1327082180659833_8870888914741053082_n.jpg 960w, https:\/\/fliegende-homberger.de\/wp-content\/uploads\/2018\/01\/14956394_1327082180659833_8870888914741053082_n-300x200.jpg 300w, https:\/\/fliegende-homberger.de\/wp-content\/uploads\/2018\/01\/14956394_1327082180659833_8870888914741053082_n-768x512.jpg 768w\" sizes=\"(max-width: 499px) 100vw, 499px\" \/><\/p>\n<p style=\"text-align: left;\"><\/p>\n\n\n<h3><strong>Buchen Sie die Fliegenden Homberger:<\/strong><\/h3>\n\n\n\n<p>Sie haben Interesse die Fliegenden Homberger auf Ihrer Veranstaltung als atemberaubenden Show-Act zu pr\u00e4sentieren? Schreiben Sie uns. Weitere Informationen entnehmen Sie auch gerne unserer Pr\u00e4sentationsmappe.<\/p>\n\n\n\n<p>Kontakt:<\/p>\n\n\n\n<p><a href=\"mailto:fliegende@hombergertv.de\">flickflack66@web.de<\/a><\/p>\n\n\n\n<p>Ansprechpartner: Stephanie Dortelmann<\/p>\n","protected":false},"excerpt":{"rendered":"<p>Unsere Shows Hochkar\u00e4tige Choreographien bestehend aus anspruchsvoller Akrobatik, Turnen, Tanz, Schauspiel und ungebremster Bewegungsfreude maximieren den Unterhaltungswert unserer Shows und entf\u00fchren das Publikum in eine Welt der Bewegungskunst.&nbsp; Wir bieten eine Vielzahl von Showvorf\u00fchrungen in verschiedenen Gruppengr\u00f6\u00dfen, L\u00e4ngen und k\u00fcnstlerischen Inhalten an. Neben den Showprogrammen f\u00fcr die Gro\u00dfgruppe, erm\u00f6glichen unsere diversen Kleingruppen Acts auch die [&hellip;]<\/p>\n","protected":false},"author":1,"featured_media":1638,"parent":0,"menu_order":0,"comment_status":"closed","ping_status":"closed","template":"","meta":{"spay_email":""},"yoast_head":"<!-- This site is optimized with the Yoast SEO plugin v17.9 - https:\/\/yoast.com\/wordpress\/plugins\/seo\/ -->\n<title>Shows - Fliegende Homberger - Showakrobatik<\/title>\n<meta name=\"robots\" content=\"index, follow, max-snippet:-1, max-image-preview:large, max-video-preview:-1\" \/>\n<link rel=\"canonical\" href=\"https:\/\/fliegende-homberger.de\/index.php\/shows\/\" \/>\n<meta property=\"og:locale\" content=\"de_DE\" \/>\n<meta property=\"og:type\" content=\"article\" \/>\n<meta property=\"og:title\" content=\"Shows - Fliegende Homberger - Showakrobatik\" \/>\n<meta property=\"og:description\" content=\"Unsere Shows Hochkar\u00e4tige Choreographien bestehend aus anspruchsvoller Akrobatik, Turnen, Tanz, Schauspiel und ungebremster Bewegungsfreude maximieren den Unterhaltungswert unserer Shows und entf\u00fchren das Publikum in eine Welt der Bewegungskunst.&nbsp; Wir bieten eine Vielzahl von Showvorf\u00fchrungen in verschiedenen Gruppengr\u00f6\u00dfen, L\u00e4ngen und k\u00fcnstlerischen Inhalten an. Neben den Showprogrammen f\u00fcr die Gro\u00dfgruppe, erm\u00f6glichen unsere diversen Kleingruppen Acts auch die [&hellip;]\" \/>\n<meta property=\"og:url\" content=\"https:\/\/fliegende-homberger.de\/index.php\/shows\/\" \/>\n<meta property=\"og:site_name\" content=\"Fliegende Homberger - Showakrobatik\" \/>\n<meta property=\"article:publisher\" content=\"https:\/\/www.facebook.com\/FliegendeHomberger\/\" \/>\n<meta property=\"article:modified_time\" content=\"2025-12-06T08:33:44+00:00\" \/>\n<meta property=\"og:image\" content=\"https:\/\/fliegende-homberger.de\/wp-content\/uploads\/2019\/11\/72299952_2770797292954974_3700389010137415680_o-1.jpg\" \/>\n\t<meta property=\"og:image:width\" content=\"1200\" \/>\n\t<meta property=\"og:image:height\" content=\"900\" \/>\n\t<meta property=\"og:image:type\" content=\"image\/jpeg\" \/>\n<meta name=\"twitter:card\" content=\"summary\" \/>\n<meta name=\"twitter:label1\" content=\"Gesch\u00e4tzte Lesezeit\" \/>\n\t<meta name=\"twitter:data1\" content=\"1\u00a0Minute\" \/>\n<script type=\"application\/ld+json\" class=\"yoast-schema-graph\">{\"@context\":\"https:\/\/schema.org\",\"@graph\":[{\"@type\":\"Organization\",\"@id\":\"https:\/\/fliegende-homberger.de\/#organization\",\"name\":\"Fliegende Homberger\",\"url\":\"https:\/\/fliegende-homberger.de\/\",\"sameAs\":[\"https:\/\/www.facebook.com\/FliegendeHomberger\/\",\"https:\/\/www.instagram.com\/fliegendehomberger\/\",\"https:\/\/www.youtube.com\/user\/Buntaries\"],\"logo\":{\"@type\":\"ImageObject\",\"@id\":\"https:\/\/fliegende-homberger.de\/#logo\",\"inLanguage\":\"de\",\"url\":\"https:\/\/fliegende-homberger.de\/wp-content\/uploads\/cropped-12491847_1097494986951888_8353707070040920779_o.jpg\",\"contentUrl\":\"https:\/\/fliegende-homberger.de\/wp-content\/uploads\/cropped-12491847_1097494986951888_8353707070040920779_o.jpg\",\"width\":512,\"height\":512,\"caption\":\"Fliegende Homberger\"},\"image\":{\"@id\":\"https:\/\/fliegende-homberger.de\/#logo\"}},{\"@type\":\"WebSite\",\"@id\":\"https:\/\/fliegende-homberger.de\/#website\",\"url\":\"https:\/\/fliegende-homberger.de\/\",\"name\":\"Fliegende Homberger - Showakrobatik\",\"description\":\"\",\"publisher\":{\"@id\":\"https:\/\/fliegende-homberger.de\/#organization\"},\"potentialAction\":[{\"@type\":\"SearchAction\",\"target\":{\"@type\":\"EntryPoint\",\"urlTemplate\":\"https:\/\/fliegende-homberger.de\/?s={search_term_string}\"},\"query-input\":\"required name=search_term_string\"}],\"inLanguage\":\"de\"},{\"@type\":\"ImageObject\",\"@id\":\"https:\/\/fliegende-homberger.de\/index.php\/shows\/#primaryimage\",\"inLanguage\":\"de\",\"url\":\"https:\/\/fliegende-homberger.de\/wp-content\/uploads\/2019\/11\/72299952_2770797292954974_3700389010137415680_o-1.jpg\",\"contentUrl\":\"https:\/\/fliegende-homberger.de\/wp-content\/uploads\/2019\/11\/72299952_2770797292954974_3700389010137415680_o-1.jpg\",\"width\":1200,\"height\":900},{\"@type\":\"WebPage\",\"@id\":\"https:\/\/fliegende-homberger.de\/index.php\/shows\/#webpage\",\"url\":\"https:\/\/fliegende-homberger.de\/index.php\/shows\/\",\"name\":\"Shows - Fliegende Homberger - Showakrobatik\",\"isPartOf\":{\"@id\":\"https:\/\/fliegende-homberger.de\/#website\"},\"primaryImageOfPage\":{\"@id\":\"https:\/\/fliegende-homberger.de\/index.php\/shows\/#primaryimage\"},\"datePublished\":\"2016-12-27T18:03:29+00:00\",\"dateModified\":\"2025-12-06T08:33:44+00:00\",\"breadcrumb\":{\"@id\":\"https:\/\/fliegende-homberger.de\/index.php\/shows\/#breadcrumb\"},\"inLanguage\":\"de\",\"potentialAction\":[{\"@type\":\"ReadAction\",\"target\":[\"https:\/\/fliegende-homberger.de\/index.php\/shows\/\"]}]},{\"@type\":\"BreadcrumbList\",\"@id\":\"https:\/\/fliegende-homberger.de\/index.php\/shows\/#breadcrumb\",\"itemListElement\":[{\"@type\":\"ListItem\",\"position\":1,\"name\":\"Startseite\",\"item\":\"https:\/\/fliegende-homberger.de\/\"},{\"@type\":\"ListItem\",\"position\":2,\"name\":\"Shows\"}]}]}<\/script>\n<!-- \/ Yoast SEO plugin. -->","yoast_head_json":{"title":"Shows - Fliegende Homberger - Showakrobatik","robots":{"index":"index","follow":"follow","max-snippet":"max-snippet:-1","max-image-preview":"max-image-preview:large","max-video-preview":"max-video-preview:-1"},"canonical":"https:\/\/fliegende-homberger.de\/index.php\/shows\/","og_locale":"de_DE","og_type":"article","og_title":"Shows - Fliegende Homberger - Showakrobatik","og_description":"Unsere Shows Hochkar\u00e4tige Choreographien bestehend aus anspruchsvoller Akrobatik, Turnen, Tanz, Schauspiel und ungebremster Bewegungsfreude maximieren den Unterhaltungswert unserer Shows und entf\u00fchren das Publikum in eine Welt der Bewegungskunst.&nbsp; Wir bieten eine Vielzahl von Showvorf\u00fchrungen in verschiedenen Gruppengr\u00f6\u00dfen, L\u00e4ngen und k\u00fcnstlerischen Inhalten an. Neben den Showprogrammen f\u00fcr die Gro\u00dfgruppe, erm\u00f6glichen unsere diversen Kleingruppen Acts auch die [&hellip;]","og_url":"https:\/\/fliegende-homberger.de\/index.php\/shows\/","og_site_name":"Fliegende Homberger - Showakrobatik","article_publisher":"https:\/\/www.facebook.com\/FliegendeHomberger\/","article_modified_time":"2025-12-06T08:33:44+00:00","og_image":[{"width":1200,"height":900,"url":"https:\/\/fliegende-homberger.de\/wp-content\/uploads\/2019\/11\/72299952_2770797292954974_3700389010137415680_o-1.jpg","type":"image\/jpeg"}],"twitter_card":"summary","twitter_misc":{"Gesch\u00e4tzte Lesezeit":"1\u00a0Minute"},"schema":{"@context":"https:\/\/schema.org","@graph":[{"@type":"Organization","@id":"https:\/\/fliegende-homberger.de\/#organization","name":"Fliegende Homberger","url":"https:\/\/fliegende-homberger.de\/","sameAs":["https:\/\/www.facebook.com\/FliegendeHomberger\/","https:\/\/www.instagram.com\/fliegendehomberger\/","https:\/\/www.youtube.com\/user\/Buntaries"],"logo":{"@type":"ImageObject","@id":"https:\/\/fliegende-homberger.de\/#logo","inLanguage":"de","url":"https:\/\/fliegende-homberger.de\/wp-content\/uploads\/cropped-12491847_1097494986951888_8353707070040920779_o.jpg","contentUrl":"https:\/\/fliegende-homberger.de\/wp-content\/uploads\/cropped-12491847_1097494986951888_8353707070040920779_o.jpg","width":512,"height":512,"caption":"Fliegende Homberger"},"image":{"@id":"https:\/\/fliegende-homberger.de\/#logo"}},{"@type":"WebSite","@id":"https:\/\/fliegende-homberger.de\/#website","url":"https:\/\/fliegende-homberger.de\/","name":"Fliegende Homberger - Showakrobatik","description":"","publisher":{"@id":"https:\/\/fliegende-homberger.de\/#organization"},"potentialAction":[{"@type":"SearchAction","target":{"@type":"EntryPoint","urlTemplate":"https:\/\/fliegende-homberger.de\/?s={search_term_string}"},"query-input":"required name=search_term_string"}],"inLanguage":"de"},{"@type":"ImageObject","@id":"https:\/\/fliegende-homberger.de\/index.php\/shows\/#primaryimage","inLanguage":"de","url":"https:\/\/fliegende-homberger.de\/wp-content\/uploads\/2019\/11\/72299952_2770797292954974_3700389010137415680_o-1.jpg","contentUrl":"https:\/\/fliegende-homberger.de\/wp-content\/uploads\/2019\/11\/72299952_2770797292954974_3700389010137415680_o-1.jpg","width":1200,"height":900},{"@type":"WebPage","@id":"https:\/\/fliegende-homberger.de\/index.php\/shows\/#webpage","url":"https:\/\/fliegende-homberger.de\/index.php\/shows\/","name":"Shows - Fliegende Homberger - Showakrobatik","isPartOf":{"@id":"https:\/\/fliegende-homberger.de\/#website"},"primaryImageOfPage":{"@id":"https:\/\/fliegende-homberger.de\/index.php\/shows\/#primaryimage"},"datePublished":"2016-12-27T18:03:29+00:00","dateModified":"2025-12-06T08:33:44+00:00","breadcrumb":{"@id":"https:\/\/fliegende-homberger.de\/index.php\/shows\/#breadcrumb"},"inLanguage":"de","potentialAction":[{"@type":"ReadAction","target":["https:\/\/fliegende-homberger.de\/index.php\/shows\/"]}]},{"@type":"BreadcrumbList","@id":"https:\/\/fliegende-homberger.de\/index.php\/shows\/#breadcrumb","itemListElement":[{"@type":"ListItem","position":1,"name":"Startseite","item":"https:\/\/fliegende-homberger.de\/"},{"@type":"ListItem","position":2,"name":"Shows"}]}]}},"jetpack_sharing_enabled":true,"jetpack_shortlink":"https:\/\/wp.me\/P8mcYR-g","_links":{"self":[{"href":"https:\/\/fliegende-homberger.de\/index.php\/wp-json\/wp\/v2\/pages\/16"}],"collection":[{"href":"https:\/\/fliegende-homberger.de\/index.php\/wp-json\/wp\/v2\/pages"}],"about":[{"href":"https:\/\/fliegende-homberger.de\/index.php\/wp-json\/wp\/v2\/types\/page"}],"author":[{"embeddable":true,"href":"https:\/\/fliegende-homberger.de\/index.php\/wp-json\/wp\/v2\/users\/1"}],"replies":[{"embeddable":true,"href":"https:\/\/fliegende-homberger.de\/index.php\/wp-json\/wp\/v2\/comments?post=16"}],"version-history":[{"count":37,"href":"https:\/\/fliegende-homberger.de\/index.php\/wp-json\/wp\/v2\/pages\/16\/revisions"}],"predecessor-version":[{"id":2351,"href":"https:\/\/fliegende-homberger.de\/index.php\/wp-json\/wp\/v2\/pages\/16\/revisions\/2351"}],"wp:featuredmedia":[{"embeddable":true,"href":"https:\/\/fliegende-homberger.de\/index.php\/wp-json\/wp\/v2\/media\/1638"}],"wp:attachment":[{"href":"https:\/\/fliegende-homberger.de\/index.php\/wp-json\/wp\/v2\/media?parent=16"}],"curies":[{"name":"wp","href":"https:\/\/api.w.org\/{rel}","templated":true}]}}